{"id":84,"date":"2025-08-03T23:28:28","date_gmt":"2025-08-04T04:28:28","guid":{"rendered":"https:\/\/vigmedical.com\/?page_id=84"},"modified":"2025-09-12T17:33:23","modified_gmt":"2025-09-12T22:33:23","slug":"nosotros","status":"publish","type":"page","link":"https:\/\/vigmedical.com\/?page_id=84","title":{"rendered":"Nosotros"},"content":{"rendered":"\t\t<div data-elementor-type=\"wp-page\" data-elementor-id=\"84\" class=\"elementor elementor-84\" data-elementor-post-type=\"page\">\n\t\t\t\t<div class=\"elementor-element elementor-element-5ecddfb e-con-full e-flex e-con e-parent\" data-id=\"5ecddfb\" data-element_type=\"container\" data-e-type=\"container\" data-settings=\"{&quot;background_background&quot;:&quot;slideshow&quot;,&quot;jet_parallax_layout_list&quot;:[],&quot;background_slideshow_gallery&quot;:[{&quot;id&quot;:349,&quot;url&quot;:&quot;https:\\\/\\\/vigmedical.com\\\/wp-content\\\/uploads\\\/2025\\\/08\\\/nosotros-2.jpg&quot;},{&quot;id&quot;:350,&quot;url&quot;:&quot;https:\\\/\\\/vigmedical.com\\\/wp-content\\\/uploads\\\/2025\\\/08\\\/nosotros-3.jpg&quot;},{&quot;id&quot;:351,&quot;url&quot;:&quot;https:\\\/\\\/vigmedical.com\\\/wp-content\\\/uploads\\\/2025\\\/08\\\/nosotros-4.jpg&quot;},{&quot;id&quot;:352,&quot;url&quot;:&quot;https:\\\/\\\/vigmedical.com\\\/wp-content\\\/uploads\\\/2025\\\/08\\\/nosotros-1.jpg&quot;}],&quot;background_slideshow_ken_burns&quot;:&quot;yes&quot;,&quot;background_slideshow_loop&quot;:&quot;yes&quot;,&quot;background_slideshow_slide_duration&quot;:5000,&quot;background_slideshow_slide_transition&quot;:&quot;fade&quot;,&quot;background_slideshow_transition_duration&quot;:500,&quot;background_slideshow_ken_burns_zoom_direction&quot;:&quot;in&quot;}\">\n\t\t<div class=\"elementor-element elementor-element-39993a8 e-flex e-con-boxed e-con e-child\" data-id=\"39993a8\" data-element_type=\"container\" data-e-type=\"container\" data-settings=\"{&quot;jet_parallax_layout_list&quot;:[]}\">\n\t\t\t\t\t<div class=\"e-con-inner\">\n\t\t\t\t<div class=\"elementor-element elementor-element-09948f8 elementor-widget elementor-widget-jet-animated-text\" data-id=\"09948f8\" data-element_type=\"widget\" data-e-type=\"widget\" data-widget_type=\"jet-animated-text.default\">\n\t\t\t\t<div class=\"elementor-widget-container\">\n\t\t\t\t\t<div class=\"elementor-jet-animated-text jet-elements\">\n<div class=\"jet-animated-text jet-animated-text--effect-fx1\" data-settings='{&quot;effect&quot;:&quot;fx1&quot;,&quot;delay&quot;:3000}'>\n\t\t<div class=\"jet-animated-text__animated-text\">\n<div class=\"jet-animated-text__animated-text-item active visible\" dir=\"ltr\">\n\t<span>N<\/span><span>O<\/span><span>S<\/span><span>O<\/span><span>T<\/span><span>R<\/span><span>O<\/span><span>S<\/span><\/div>\n<\/div>\t<\/div><\/div>\t\t\t\t<\/div>\n\t\t\t\t<\/div>\n\t\t\t\t\t<\/div>\n\t\t\t\t<\/div>\n\t\t\t\t<\/div>\n\t\t<div class=\"elementor-element elementor-element-c27951a e-flex e-con-boxed e-con e-parent\" data-id=\"c27951a\" data-element_type=\"container\" data-e-type=\"container\" data-settings=\"{&quot;jet_parallax_layout_list&quot;:[]}\">\n\t\t\t\t\t<div class=\"e-con-inner\">\n\t\t\t\t<div class=\"elementor-element elementor-element-7760995 elementor-widget elementor-widget-spacer\" data-id=\"7760995\" data-element_type=\"widget\" data-e-type=\"widget\" data-widget_type=\"spacer.default\">\n\t\t\t\t\t\t\t<div class=\"elementor-spacer\">\n\t\t\t<div class=\"elementor-spacer-inner\"><\/div>\n\t\t<\/div>\n\t\t\t\t\t\t<\/div>\n\t\t\t\t\t<\/div>\n\t\t\t\t<\/div>\n\t\t<div class=\"elementor-element elementor-element-071dd8d e-flex e-con-boxed e-con e-parent\" data-id=\"071dd8d\" data-element_type=\"container\" data-e-type=\"container\" data-settings=\"{&quot;jet_parallax_layout_list&quot;:[]}\">\n\t\t\t\t\t<div class=\"e-con-inner\">\n\t\t<div class=\"elementor-element elementor-element-4765364 e-con-full e-flex e-con e-child\" data-id=\"4765364\" data-element_type=\"container\" data-e-type=\"container\" data-settings=\"{&quot;jet_parallax_layout_list&quot;:[]}\">\n\t\t\t\t<div class=\"elementor-element elementor-element-e117239 elementor-widget elementor-widget-jet-animated-text\" data-id=\"e117239\" data-element_type=\"widget\" data-e-type=\"widget\" data-widget_type=\"jet-animated-text.default\">\n\t\t\t\t<div class=\"elementor-widget-container\">\n\t\t\t\t\t<div class=\"elementor-jet-animated-text jet-elements\">\n<div class=\"jet-animated-text jet-animated-text--effect-fx1\" data-settings='{&quot;effect&quot;:&quot;fx1&quot;,&quot;delay&quot;:3000}'>\n\t\t<div class=\"jet-animated-text__animated-text\">\n<div class=\"jet-animated-text__animated-text-item active visible\" dir=\"ltr\">\n\t<span>\u00bf<\/span><span>Q<\/span><span>u<\/span><span>i<\/span><span>\u00e9<\/span><span>n<\/span><span>e<\/span><span>s<\/span><span>&nbsp;<\/span><span>s<\/span><span>o<\/span><span>m<\/span><span>o<\/span><span>s<\/span><span>?<\/span><\/div>\n<\/div>\t<\/div><\/div>\t\t\t\t<\/div>\n\t\t\t\t<\/div>\n\t\t\t\t<div class=\"elementor-element elementor-element-463706c elementor-widget elementor-widget-text-editor\" data-id=\"463706c\" data-element_type=\"widget\" data-e-type=\"widget\" data-widget_type=\"text-editor.default\">\n\t\t\t\t\t\t\t\t\t<p data-start=\"314\" data-end=\"752\">En <strong data-start=\"317\" data-end=\"331\">Vigmedical<\/strong>, somos una instituci\u00f3n privada especializada en <strong data-start=\"380\" data-end=\"519\">asesor\u00eda, consultor\u00eda, auditor\u00eda e implementaci\u00f3n en salud ocupacional, seguridad y salud en el trabajo, ergonom\u00eda e higiene industrial<\/strong>. Nuestro compromiso es cumplir de forma estricta con la <strong data-start=\"576\" data-end=\"609\">normatividad nacional vigente<\/strong>, ofreciendo soluciones integrales que garantizan la <strong data-start=\"662\" data-end=\"697\">prevenci\u00f3n de riesgos laborales<\/strong> y la <strong data-start=\"703\" data-end=\"749\">protecci\u00f3n de la salud de los trabajadores<\/strong>. Contamos con un <strong data-start=\"770\" data-end=\"838\">equipo multidisciplinario de profesionales altamente calificados<\/strong>, infraestructura moderna y <strong data-start=\"866\" data-end=\"898\">equipos de \u00faltima tecnolog\u00eda<\/strong>, lo que nos permite brindar servicios con <strong data-start=\"941\" data-end=\"985\">altos est\u00e1ndares de calidad y excelencia<\/strong>. En <strong data-start=\"990\" data-end=\"1004\">Vigmedical<\/strong> trabajamos para mejorar las condiciones laborales, reducir accidentes y enfermedades ocupacionales, y promover entornos de trabajo seguros y saludables para empresas de todos los sectores.<\/p>\t\t\t\t\t\t\t\t<\/div>\n\t\t\t\t<\/div>\n\t\t<div class=\"elementor-element elementor-element-744c024 e-con-full e-flex e-con e-child\" data-id=\"744c024\" data-element_type=\"container\" data-e-type=\"container\" data-settings=\"{&quot;jet_parallax_layout_list&quot;:[]}\">\n\t\t\t\t<div class=\"elementor-element elementor-element-091a95e elementor-widget elementor-widget-image\" data-id=\"091a95e\" data-element_type=\"widget\" data-e-type=\"widget\" data-widget_type=\"image.default\">\n\t\t\t\t\t\t\t\t\t\t\t\t\t\t\t<img decoding=\"async\" src=\"https:\/\/vigmedical.com\/wp-content\/uploads\/elementor\/thumbs\/logo-7-ra323dsha9ucpkwox5sfztjgob9f1ljccb06bo4av4.png\" title=\"logo (7)\" alt=\"logo (7)\" loading=\"lazy\" \/>\t\t\t\t\t\t\t\t\t\t\t\t\t\t\t<\/div>\n\t\t\t\t<\/div>\n\t\t\t\t\t<\/div>\n\t\t\t\t<\/div>\n\t\t<div class=\"elementor-element elementor-element-a3582ba e-flex e-con-boxed e-con e-parent\" data-id=\"a3582ba\" data-element_type=\"container\" data-e-type=\"container\" data-settings=\"{&quot;jet_parallax_layout_list&quot;:[]}\">\n\t\t\t\t\t<div class=\"e-con-inner\">\n\t\t\t\t<div class=\"elementor-element elementor-element-278efeb elementor-widget elementor-widget-spacer\" data-id=\"278efeb\" data-element_type=\"widget\" data-e-type=\"widget\" data-widget_type=\"spacer.default\">\n\t\t\t\t\t\t\t<div class=\"elementor-spacer\">\n\t\t\t<div class=\"elementor-spacer-inner\"><\/div>\n\t\t<\/div>\n\t\t\t\t\t\t<\/div>\n\t\t\t\t\t<\/div>\n\t\t\t\t<\/div>\n\t\t<div class=\"elementor-element elementor-element-9781d2d e-flex e-con-boxed e-con e-parent\" data-id=\"9781d2d\" data-element_type=\"container\" data-e-type=\"container\" data-settings=\"{&quot;jet_parallax_layout_list&quot;:[]}\">\n\t\t\t\t\t<div class=\"e-con-inner\">\n\t\t<div class=\"elementor-element elementor-element-8982964 e-con-full e-flex elementor-invisible e-con e-child\" data-id=\"8982964\" data-element_type=\"container\" data-e-type=\"container\" data-settings=\"{&quot;jet_parallax_layout_list&quot;:[],&quot;animation&quot;:&quot;fadeInLeft&quot;}\">\n\t\t\t\t<div class=\"elementor-element elementor-element-6e991bd elementor-view-default elementor-widget elementor-widget-icon\" data-id=\"6e991bd\" data-element_type=\"widget\" data-e-type=\"widget\" data-widget_type=\"icon.default\">\n\t\t\t\t\t\t\t<div class=\"elementor-icon-wrapper\">\n\t\t\t<div class=\"elementor-icon\">\n\t\t\t<svg aria-hidden=\"true\" class=\"e-font-icon-svg e-far-eye\" viewBox=\"0 0 576 512\" xmlns=\"http:\/\/www.w3.org\/2000\/svg\"><path d=\"M288 144a110.94 110.94 0 0 0-31.24 5 55.4 55.4 0 0 1 7.24 27 56 56 0 0 1-56 56 55.4 55.4 0 0 1-27-7.24A111.71 111.71 0 1 0 288 144zm284.52 97.4C518.29 135.59 410.93 64 288 64S57.68 135.64 3.48 241.41a32.35 32.35 0 0 0 0 29.19C57.71 376.41 165.07 448 288 448s230.32-71.64 284.52-177.41a32.35 32.35 0 0 0 0-29.19zM288 400c-98.65 0-189.09-55-237.93-144C98.91 167 189.34 112 288 112s189.09 55 237.93 144C477.1 345 386.66 400 288 400z\"><\/path><\/svg>\t\t\t<\/div>\n\t\t<\/div>\n\t\t\t\t\t\t<\/div>\n\t\t\t\t<div class=\"elementor-element elementor-element-4bd2191 elementor-widget elementor-widget-jet-animated-text\" data-id=\"4bd2191\" data-element_type=\"widget\" data-e-type=\"widget\" data-widget_type=\"jet-animated-text.default\">\n\t\t\t\t<div class=\"elementor-widget-container\">\n\t\t\t\t\t<div class=\"elementor-jet-animated-text jet-elements\">\n<div class=\"jet-animated-text jet-animated-text--effect-fx1\" data-settings='{&quot;effect&quot;:&quot;fx1&quot;,&quot;delay&quot;:3000}'>\n\t\t<div class=\"jet-animated-text__animated-text\">\n<div class=\"jet-animated-text__animated-text-item active visible\" dir=\"ltr\">\n\t<span>M<\/span><span>i<\/span><span>s<\/span><span>i<\/span><span>o<\/span><span>n<\/span><\/div>\n<\/div>\t<\/div><\/div>\t\t\t\t<\/div>\n\t\t\t\t<\/div>\n\t\t\t\t<div class=\"elementor-element elementor-element-7c6763d elementor-widget elementor-widget-text-editor\" data-id=\"7c6763d\" data-element_type=\"widget\" data-e-type=\"widget\" data-widget_type=\"text-editor.default\">\n\t\t\t\t\t\t\t\t\t<p>Brindamos un <strong data-start=\"164\" data-end=\"236\">servicio integral y de alta calidad en vigilancia m\u00e9dico ocupacional<\/strong> para el <strong data-start=\"245\" data-end=\"262\">sector minero<\/strong>, garantizando la <strong data-start=\"280\" data-end=\"332\">seguridad, salud y bienestar de los trabajadores<\/strong>. Nuestro compromiso es proteger al personal de nuestros clientes mediante evaluaciones m\u00e9dicas ocupacionales especializadas, cumpliendo con la normativa vigente y promoviendo ambientes laborales seguros y saludables.<\/p>\t\t\t\t\t\t\t\t<\/div>\n\t\t\t\t<\/div>\n\t\t<div class=\"elementor-element elementor-element-f19a669 e-con-full e-flex elementor-invisible e-con e-child\" data-id=\"f19a669\" data-element_type=\"container\" data-e-type=\"container\" data-settings=\"{&quot;jet_parallax_layout_list&quot;:[],&quot;animation&quot;:&quot;fadeInRight&quot;}\">\n\t\t\t\t<div class=\"elementor-element elementor-element-9460b50 elementor-view-default elementor-widget elementor-widget-icon\" data-id=\"9460b50\" data-element_type=\"widget\" data-e-type=\"widget\" data-widget_type=\"icon.default\">\n\t\t\t\t\t\t\t<div class=\"elementor-icon-wrapper\">\n\t\t\t<div class=\"elementor-icon\">\n\t\t\t<svg aria-hidden=\"true\" class=\"e-font-icon-svg e-fas-bullseye\" viewBox=\"0 0 496 512\" xmlns=\"http:\/\/www.w3.org\/2000\/svg\"><path d=\"M248 8C111.03 8 0 119.03 0 256s111.03 248 248 248 248-111.03 248-248S384.97 8 248 8zm0 432c-101.69 0-184-82.29-184-184 0-101.69 82.29-184 184-184 101.69 0 184 82.29 184 184 0 101.69-82.29 184-184 184zm0-312c-70.69 0-128 57.31-128 128s57.31 128 128 128 128-57.31 128-128-57.31-128-128-128zm0 192c-35.29 0-64-28.71-64-64s28.71-64 64-64 64 28.71 64 64-28.71 64-64 64z\"><\/path><\/svg>\t\t\t<\/div>\n\t\t<\/div>\n\t\t\t\t\t\t<\/div>\n\t\t\t\t<div class=\"elementor-element elementor-element-c26ee5c elementor-widget elementor-widget-jet-animated-text\" data-id=\"c26ee5c\" data-element_type=\"widget\" data-e-type=\"widget\" data-widget_type=\"jet-animated-text.default\">\n\t\t\t\t<div class=\"elementor-widget-container\">\n\t\t\t\t\t<div class=\"elementor-jet-animated-text jet-elements\">\n<div class=\"jet-animated-text jet-animated-text--effect-fx1\" data-settings='{&quot;effect&quot;:&quot;fx1&quot;,&quot;delay&quot;:3000}'>\n\t\t<div class=\"jet-animated-text__animated-text\">\n<div class=\"jet-animated-text__animated-text-item active visible\" dir=\"ltr\">\n\t<span>V<\/span><span>i<\/span><span>s<\/span><span>i<\/span><span>o<\/span><span>n<\/span><\/div>\n<\/div>\t<\/div><\/div>\t\t\t\t<\/div>\n\t\t\t\t<\/div>\n\t\t\t\t<div class=\"elementor-element elementor-element-c48383a elementor-widget elementor-widget-text-editor\" data-id=\"c48383a\" data-element_type=\"widget\" data-e-type=\"widget\" data-widget_type=\"text-editor.default\">\n\t\t\t\t\t\t\t\t\t<p>Ser una <strong data-start=\"116\" data-end=\"146\">empresa s\u00f3lida y confiable<\/strong>, posicion\u00e1ndonos como la <strong data-start=\"172\" data-end=\"225\">consultora l\u00edder en vigilancia m\u00e9dico ocupacional<\/strong> en el <strong data-start=\"232\" data-end=\"253\">Macro Sur peruano<\/strong>, ofreciendo soluciones integrales para la seguridad y salud laboral.<\/p>\t\t\t\t\t\t\t\t<\/div>\n\t\t\t\t<\/div>\n\t\t\t\t\t<\/div>\n\t\t\t\t<\/div>\n\t\t<div class=\"elementor-element elementor-element-bc836f3 e-flex e-con-boxed e-con e-parent\" data-id=\"bc836f3\" data-element_type=\"container\" data-e-type=\"container\" data-settings=\"{&quot;jet_parallax_layout_list&quot;:[]}\">\n\t\t\t\t\t<div class=\"e-con-inner\">\n\t\t\t\t<div class=\"elementor-element elementor-element-db07e29 elementor-widget elementor-widget-spacer\" data-id=\"db07e29\" data-element_type=\"widget\" data-e-type=\"widget\" data-widget_type=\"spacer.default\">\n\t\t\t\t\t\t\t<div class=\"elementor-spacer\">\n\t\t\t<div class=\"elementor-spacer-inner\"><\/div>\n\t\t<\/div>\n\t\t\t\t\t\t<\/div>\n\t\t\t\t\t<\/div>\n\t\t\t\t<\/div>\n\t\t<div class=\"elementor-element elementor-element-9b19e98 e-flex e-con-boxed e-con e-parent\" data-id=\"9b19e98\" data-element_type=\"container\" data-e-type=\"container\" data-settings=\"{&quot;jet_parallax_layout_list&quot;:[]}\">\n\t\t\t\t\t<div class=\"e-con-inner\">\n\t\t\t\t<div class=\"elementor-element elementor-element-652810c elementor-widget elementor-widget-video\" data-id=\"652810c\" data-element_type=\"widget\" data-e-type=\"widget\" data-settings=\"{&quot;youtube_url&quot;:&quot;https:\\\/\\\/youtu.be\\\/yxyVz_AMp8g&quot;,&quot;video_type&quot;:&quot;youtube&quot;,&quot;controls&quot;:&quot;yes&quot;}\" data-widget_type=\"video.default\">\n\t\t\t\t\t\t\t<div class=\"elementor-wrapper elementor-open-inline\">\n\t\t\t<div class=\"elementor-video\"><\/div>\t\t<\/div>\n\t\t\t\t\t\t<\/div>\n\t\t\t\t\t<\/div>\n\t\t\t\t<\/div>\n\t\t\t\t<\/div>\n\t\t","protected":false},"excerpt":{"rendered":"<p>NOSOTROS \u00bfQui\u00e9nes&nbsp;somos? En Vigmedical, somos una instituci\u00f3n privada especializada en asesor\u00eda, consultor\u00eda, auditor\u00eda e implementaci\u00f3n en salud ocupacional, seguridad y salud en el trabajo, ergonom\u00eda e higiene industrial. Nuestro compromiso es cumplir de forma estricta con la normatividad nacional vigente, ofreciendo soluciones integrales que garantizan la prevenci\u00f3n de riesgos laborales y la protecci\u00f3n de la [&hellip;]<\/p>\n","protected":false},"author":1,"featured_media":0,"parent":0,"menu_order":0,"comment_status":"closed","ping_status":"closed","template":"","meta":{"_joinchat":[],"footnotes":""},"class_list":["post-84","page","type-page","status-publish","hentry"],"_links":{"self":[{"href":"https:\/\/vigmedical.com\/index.php?rest_route=\/wp\/v2\/pages\/84","targetHints":{"allow":["GET"]}}],"collection":[{"href":"https:\/\/vigmedical.com\/index.php?rest_route=\/wp\/v2\/pages"}],"about":[{"href":"https:\/\/vigmedical.com\/index.php?rest_route=\/wp\/v2\/types\/page"}],"author":[{"embeddable":true,"href":"https:\/\/vigmedical.com\/index.php?rest_route=\/wp\/v2\/users\/1"}],"replies":[{"embeddable":true,"href":"https:\/\/vigmedical.com\/index.php?rest_route=%2Fwp%2Fv2%2Fcomments&post=84"}],"version-history":[{"count":22,"href":"https:\/\/vigmedical.com\/index.php?rest_route=\/wp\/v2\/pages\/84\/revisions"}],"predecessor-version":[{"id":435,"href":"https:\/\/vigmedical.com\/index.php?rest_route=\/wp\/v2\/pages\/84\/revisions\/435"}],"wp:attachment":[{"href":"https:\/\/vigmedical.com\/index.php?rest_route=%2Fwp%2Fv2%2Fmedia&parent=84"}],"curies":[{"name":"wp","href":"https:\/\/api.w.org\/{rel}","templated":true}]}}